{"id":2,"date":"2016-11-16T18:37:56","date_gmt":"2016-11-16T18:37:56","guid":{"rendered":"http:\/\/volcanbaru.com\/superagua\/?page_id=2"},"modified":"2024-08-01T19:10:52","modified_gmt":"2024-08-01T19:10:52","slug":"sample-page","status":"publish","type":"page","link":"https:\/\/volcanbaru.com\/superagua\/","title":{"rendered":"super agua"},"content":{"rendered":"<section class=\"kc-elm kc-css-981645 kc_row\"><div class=\"kc-row-container  kc-container\"><div class=\"kc-wrap-columns\"><div class=\"kc-elm kc-css-938870 kc_col-sm-9 kc_column kc_col-sm-9\"><div class=\"kc-col-container\"><div class=\"kc-elm kc-css-686359 kc-animated kc-animate-eff-pulse kc-feature-boxes kc-fb-layout-2\">\n\n\t<figure class=\"content-image\"><img src=\"https:\/\/volcanbaru.com\/superagua\/wp-content\/uploads\/2016\/11\/volcan.jpeg\" alt=\"\"><\/figure><div class=\"content-title\">El bienestar como principio<\/div><div class=\"content-desc\">En Super Agua  adoptamos un modelo de negocio sostenible para generar valor social, ambiental y econ\u00f3mico. Desarrollamos productos de fuentes h\u00eddricas renovables mediante una gesti\u00f3n social y ambientalmente responsable, con el prop\u00f3sito de generar progreso y bienestar de manera permanente.<\/div><div class=\"content-button\"><a href=\"#\" target=\"_self\" title=\"\">Read more<\/a><\/div>\n<\/div>\n<\/div><\/div><div class=\"kc-elm kc-css-721239 kc_col-sm-3 kc_column kc_col-sm-3\"><div class=\"kc-col-container\"><div class=\"kc-elm kc-css-681666 kc_shortcode kc_single_image\">\n\n        <img src=\"https:\/\/volcanbaru.com\/superagua\/wp-content\/uploads\/2016\/11\/xxzz.png\" class=\"\" alt=\"\" \/>    <\/div>\n<\/div><\/div><\/div><\/div><\/section><section data-kc-fullwidth=\"row\" class=\"kc-elm kc-css-969177 kc_row\"><div class=\"kc-row-container  kc-container\"><div class=\"kc-wrap-columns\"><div class=\"kc-elm kc-css-824118 kc_col-sm-12 kc_column kc_col-sm-12\"><div class=\"kc-col-container\">\n<div class=\"kc-elm kc-css-927852 kc-animated kc-animate-eff-fadeIn kc-animate-speed-3s kc-title-wrap \">\n\n\t<h1 class=\"kc_title\">\u00bfPor qu\u00e9 elegir Super Agua?<\/h1>\n<\/div>\n<div class=\"kc-elm kc-css-161889\" style=\"height: 45px; clear: both; width:100%;\"><\/div><div id=\" \" class=\"kc-elm kc-css-889864 kc_row kc_row_inner\"><div class=\"kc-elm kc-css-870128 kc_col-sm-4 kc_column_inner kc_col-sm-4\"><div class=\"kc_wrapper kc-col-inner-container\"><div class=\"kc-elm kc-css-672467 kc-feature-boxes kc-fb-layout-5\">\n\n\t<div class=\"content-title\">Precio<\/div><div class=\"content-desc\">El precio es accesible para nuestros clientes.<\/div>\n<\/div>\n<div class=\"kc-elm kc-css-8213\" style=\"height: 79px; clear: both; width:100%;\"><\/div><\/div><\/div><div class=\"kc-elm kc-css-686586 kc_col-sm-4 kc_column_inner kc_col-sm-4\"><div class=\"kc_wrapper kc-col-inner-container\"><div class=\"kc-elm kc-css-966143 kc-feature-boxes kc-fb-layout-5\">\n\n\t<div class=\"content-title\">Calidad<\/div><div class=\"content-desc\">Contamos con los est\u00e1ndares y normas  requeridos por salud,  para el bienestar de cada uno de las personas que consumen nuestra agua.<\/div>\n<\/div>\n<\/div><\/div><div class=\"kc-elm kc-css-883072 kc_col-sm-4 kc_column_inner kc_col-sm-4\"><div class=\"kc_wrapper kc-col-inner-container\"><div class=\"kc-elm kc-css-405436 kc-feature-boxes kc-fb-layout-5\">\n\n\t<div class=\"content-title\">Responsabilidad social<\/div><div class=\"content-desc\">Nuestros empaques y envases reciclables son una muestra de nuestro compromiso con la sustentabilidad de nuestros productos.<\/div>\n<\/div>\n<\/div><\/div><\/div><\/div><\/div><\/div><\/div><\/section><section data-kc-fullwidth=\"row\" class=\"kc-elm kc-css-75129 kc_row\"><div class=\"kc-row-container  kc-container\"><div class=\"kc-wrap-columns\"><div class=\"kc-elm kc-css-421602 kc_col-sm-12 kc_column kc_col-sm-12\"><div class=\"kc-col-container\"><div class=\"kc-elm kc-css-705431\" style=\"height: 79px; clear: both; width:100%;\"><\/div>\n<div class=\"kc-elm kc-css-514968 kc-title-wrap \">\n\n\t<h1 class=\"kc_title\">El Proceso<\/h1>\n<\/div>\n<div class=\"kc-elm kc-css-699921\" style=\"height: 95px; clear: both; width:100%;\"><\/div><div id=\" \" class=\"kc-elm kc-css-306624 kc_row kc_row_inner\"><div class=\"kc-elm kc-css-864546 kc_col-sm-4 kc_column_inner kc_col-sm-4\"><div class=\"kc_wrapper kc-col-inner-container\"><div class=\"kc-elm kc-css-595373 kc-feature-boxes kc-fb-layout-1\">\n\n\t<div class=\"content-icon\"><i class=\"fa-filter\"><\/i><\/div><div class=\"content-title\">Filtracion<\/div><div class=\"content-desc\">El proceso de filtraci\u00f3n  es riguroso, necesario y muy importante para conseguir pureza y calidad en el agua. <\/div>\n<\/div>\n<\/div><\/div><div class=\"kc-elm kc-css-357505 kc_col-sm-4 kc_column_inner kc_col-sm-4\"><div class=\"kc_wrapper kc-col-inner-container\"><div class=\"kc-elm kc-css-567115 kc-feature-boxes kc-fb-layout-1\">\n\n\t<div class=\"content-icon\"><i class=\"fa-tint\"><\/i><\/div><div class=\"content-title\">Purificaci\u00f3n y osmosis<\/div><div class=\"content-desc\">El proceso de purificaci\u00f3n y osmosis inversa elimina impurezas y part\u00edculas no deseadas en el agua. <\/div>\n<\/div>\n<\/div><\/div><div class=\"kc-elm kc-css-285754 kc_col-sm-4 kc_column_inner kc_col-sm-4\"><div class=\"kc_wrapper kc-col-inner-container\"><div class=\"kc-elm kc-css-809044 kc-feature-boxes kc-fb-layout-1\">\n\n\t<div class=\"content-icon\"><i class=\"fa-bitbucket\"><\/i><\/div><div class=\"content-title\">envasado y sellado<\/div><div class=\"content-desc\">Trabajamos d\u00eda a d\u00eda para dar a nuestros clientes un producto realmente de calidad, sin elevar nuestros precios.<\/div>\n<\/div>\n<\/div><\/div><\/div><div class=\"kc-elm kc-css-295323\" style=\"height: 45px; clear: both; width:100%;\"><\/div>\n<div class=\"kc-elm kc-css-922111 kc-title-wrap \">\n\n\t<h1 class=\"kc_title\">Informaci\u00f3n de Inter\u00e9s<\/h1>\n<\/div>\n<div class=\"kc-elm kc-css-10622\" style=\"height: 45px; clear: both; width:100%;\"><\/div>\n<div class=\"kc-elm kc-css-339313 kc-blog-posts kc-blog-posts-4 kc-image-align-both\">\n\t\n\t\t\t\n\t\t\t\t<div class=\"grid-3\">\n\t\t\t\t\t<div class=\"kc-list-item-4\">\n\t\t\t\t\t\t<div class=\"kc-post-header\">\n\t\t\t\t\t\t\t\t\t\t\t\t\t\t\t<a href=\"https:\/\/volcanbaru.com\/superagua\/productos\/\">\n\t\t\t\t\t\t\t\t\t<img src=\"https:\/\/volcanbaru.com\/superagua\/wp-content\/uploads\/2024\/10\/c2-1.png\" alt=\"Productos\">\n\t\t\t\t\t\t\t\t<\/a>\n\t\t\t\t\t\t\t\t\t\t\t\t\t\t<div class=\"meta-title\">\n\t\t\t\t\t\t\t\t\t\t\t\t\t\t\t\t\t<div class=\"post-meta\">\n\t\t\t\t\t\t\t\t\t\t\t\t\t\t\t\t\t\t\t\t\t\t\t\t\t\t\t\t\t\t\t\t\t<a href=\"https:\/\/volcanbaru.com\/superagua\/category\/consejos\/\" rel=\"category tag\">Consejos<\/a>, <a href=\"https:\/\/volcanbaru.com\/superagua\/category\/productos-y-servicios\/\" rel=\"category tag\">Productos y Servicios<\/a>\t\t\t\t\t\t\t\t\t\t\t\t\t\t\t\t\t\t\t\t\t\t\t\t\t\t\t\t\t\t\t\t\t\t\t\t\t\t\t\t\t\t<a href=\"https:\/\/volcanbaru.com\/superagua\/2024\/08\/\"\n\t\t\t\t\t\t\t\t\t\t   class=\"date-link\">14.agosto.2024<\/a>\n\t\t\t\t\t\t\t\t\t\t\t\t\t\t\t\t\t\t\t<\/div>\n\t\t\t\t\t\t\t\t\t\t\t\t\t\t\t\t\n\t\t\t\t\t\t\t\t<h2 class=\"post-title-alt\">\n\t\t\t\t\t\t\t\t\t<a href=\"https:\/\/volcanbaru.com\/superagua\/productos\/\" class=\"post-title-link\"\n\t\t\t\t\t\t\t\t\t   title=\"Productos\">Productos<\/a>\n\t\t\t\t\t\t\t\t<\/h2>\n\t\t\t\t\t\t\t<\/div>\n\t\t\t\t\t\t<\/div>\n\t\t\t\t\t\t\n\t\t\t\t\t\t\t\t\t\t\t\t<div class=\"post-content\"><p>Nuestras garrafas son de material PET, ligero y resistente. ideal para uso en casa, oficina&hellip;<\/p><\/div>\n\t\t\t\t\t\t\t\t\t\t\t\t\t\t\t\t\t<\/div>\n\t\t\t\t<\/div>\n\t\t\t\n\t\t\t\t<div class=\"grid-3\">\n\t\t\t\t\t<div class=\"kc-list-item-4\">\n\t\t\t\t\t\t<div class=\"kc-post-header\">\n\t\t\t\t\t\t\t\t\t\t\t\t\t\t\t<a href=\"https:\/\/volcanbaru.com\/superagua\/servicios\/\">\n\t\t\t\t\t\t\t\t\t<img src=\"https:\/\/volcanbaru.com\/superagua\/wp-content\/uploads\/2024\/10\/c5.png\" alt=\"Servicios\">\n\t\t\t\t\t\t\t\t<\/a>\n\t\t\t\t\t\t\t\t\t\t\t\t\t\t<div class=\"meta-title\">\n\t\t\t\t\t\t\t\t\t\t\t\t\t\t\t\t\t<div class=\"post-meta\">\n\t\t\t\t\t\t\t\t\t\t\t\t\t\t\t\t\t\t\t\t\t\t\t\t\t\t\t\t\t\t\t\t\t<a href=\"https:\/\/volcanbaru.com\/superagua\/category\/consejos\/\" rel=\"category tag\">Consejos<\/a>, <a href=\"https:\/\/volcanbaru.com\/superagua\/category\/productos-y-servicios\/\" rel=\"category tag\">Productos y Servicios<\/a>\t\t\t\t\t\t\t\t\t\t\t\t\t\t\t\t\t\t\t\t\t\t\t\t\t\t\t\t\t\t\t\t\t\t\t\t\t\t\t\t\t\t<a href=\"https:\/\/volcanbaru.com\/superagua\/2024\/08\/\"\n\t\t\t\t\t\t\t\t\t\t   class=\"date-link\">14.agosto.2024<\/a>\n\t\t\t\t\t\t\t\t\t\t\t\t\t\t\t\t\t\t\t<\/div>\n\t\t\t\t\t\t\t\t\t\t\t\t\t\t\t\t\n\t\t\t\t\t\t\t\t<h2 class=\"post-title-alt\">\n\t\t\t\t\t\t\t\t\t<a href=\"https:\/\/volcanbaru.com\/superagua\/servicios\/\" class=\"post-title-link\"\n\t\t\t\t\t\t\t\t\t   title=\"Servicios\">Servicios<\/a>\n\t\t\t\t\t\t\t\t<\/h2>\n\t\t\t\t\t\t\t<\/div>\n\t\t\t\t\t\t<\/div>\n\t\t\t\t\t\t\n\t\t\t\t\t\t\t\t\t\t\t\t<div class=\"post-content\"><p>Con nuestro servicio de rellenos, reduces el uso de pl\u00e1sticos de un solo uso. Cambiando&hellip;<\/p><\/div>\n\t\t\t\t\t\t\t\t\t\t\t\t\t\t\t\t\t<\/div>\n\t\t\t\t<\/div>\n\t\t\t\n\t\t\t\t<div class=\"grid-3\">\n\t\t\t\t\t<div class=\"kc-list-item-4\">\n\t\t\t\t\t\t<div class=\"kc-post-header\">\n\t\t\t\t\t\t\t\t\t\t\t\t\t\t\t<a href=\"https:\/\/volcanbaru.com\/superagua\/tomar-agua\/\">\n\t\t\t\t\t\t\t\t\t<img src=\"https:\/\/volcanbaru.com\/superagua\/wp-content\/uploads\/2017\/03\/tomar-agua-diariamente.png\" alt=\"Tomar agua\">\n\t\t\t\t\t\t\t\t<\/a>\n\t\t\t\t\t\t\t\t\t\t\t\t\t\t<div class=\"meta-title\">\n\t\t\t\t\t\t\t\t\t\t\t\t\t\t\t\t\t<div class=\"post-meta\">\n\t\t\t\t\t\t\t\t\t\t\t\t\t\t\t\t\t\t\t\t\t\t\t\t\t\t\t\t\t\t\t\t\t<a href=\"https:\/\/volcanbaru.com\/superagua\/category\/consejos\/\" rel=\"category tag\">Consejos<\/a>\t\t\t\t\t\t\t\t\t\t\t\t\t\t\t\t\t\t\t\t\t\t\t\t\t\t\t\t\t\t\t\t\t\t\t\t\t\t\t\t\t\t<a href=\"https:\/\/volcanbaru.com\/superagua\/2017\/03\/\"\n\t\t\t\t\t\t\t\t\t\t   class=\"date-link\">17.marzo.2017<\/a>\n\t\t\t\t\t\t\t\t\t\t\t\t\t\t\t\t\t\t\t<\/div>\n\t\t\t\t\t\t\t\t\t\t\t\t\t\t\t\t\n\t\t\t\t\t\t\t\t<h2 class=\"post-title-alt\">\n\t\t\t\t\t\t\t\t\t<a href=\"https:\/\/volcanbaru.com\/superagua\/tomar-agua\/\" class=\"post-title-link\"\n\t\t\t\t\t\t\t\t\t   title=\"Tomar agua\">Tomar agua<\/a>\n\t\t\t\t\t\t\t\t<\/h2>\n\t\t\t\t\t\t\t<\/div>\n\t\t\t\t\t\t<\/div>\n\t\t\t\t\t\t\n\t\t\t\t\t\t\t\t\t\t\t\t<div class=\"post-content\"><p>El agua es vital e importante para nuestro cuerpo, ya que mantenerlo hidratado permite regular&hellip;<\/p><\/div>\n\t\t\t\t\t\t\t\t\t\t\t\t\t\t\t\t\t<\/div>\n\t\t\t\t<\/div>\n\t\t\t\n\t\t\t\t<div class=\"grid-3\">\n\t\t\t\t\t<div class=\"kc-list-item-4\">\n\t\t\t\t\t\t<div class=\"kc-post-header\">\n\t\t\t\t\t\t\t\t\t\t\t\t\t\t\t<a href=\"https:\/\/volcanbaru.com\/superagua\/recuerda-diariamente\/\">\n\t\t\t\t\t\t\t\t\t<img src=\"https:\/\/volcanbaru.com\/superagua\/wp-content\/uploads\/2017\/03\/sobreruedas.png\" alt=\"Recuerda diariamente\">\n\t\t\t\t\t\t\t\t<\/a>\n\t\t\t\t\t\t\t\t\t\t\t\t\t\t<div class=\"meta-title\">\n\t\t\t\t\t\t\t\t\t\t\t\t\t\t\t\t\t<div class=\"post-meta\">\n\t\t\t\t\t\t\t\t\t\t\t\t\t\t\t\t\t\t\t\t\t\t\t\t\t\t\t\t\t\t\t\t\t<a href=\"https:\/\/volcanbaru.com\/superagua\/category\/consejos\/\" rel=\"category tag\">Consejos<\/a>\t\t\t\t\t\t\t\t\t\t\t\t\t\t\t\t\t\t\t\t\t\t\t\t\t\t\t\t\t\t\t\t\t\t\t\t\t\t\t\t\t\t<a href=\"https:\/\/volcanbaru.com\/superagua\/2017\/03\/\"\n\t\t\t\t\t\t\t\t\t\t   class=\"date-link\">17.marzo.2017<\/a>\n\t\t\t\t\t\t\t\t\t\t\t\t\t\t\t\t\t\t\t<\/div>\n\t\t\t\t\t\t\t\t\t\t\t\t\t\t\t\t\n\t\t\t\t\t\t\t\t<h2 class=\"post-title-alt\">\n\t\t\t\t\t\t\t\t\t<a href=\"https:\/\/volcanbaru.com\/superagua\/recuerda-diariamente\/\" class=\"post-title-link\"\n\t\t\t\t\t\t\t\t\t   title=\"Recuerda diariamente\">Recuerda diariamente<\/a>\n\t\t\t\t\t\t\t\t<\/h2>\n\t\t\t\t\t\t\t<\/div>\n\t\t\t\t\t\t<\/div>\n\t\t\t\t\t\t\n\t\t\t\t\t\t\t\t\t\t\t\t<div class=\"post-content\"><p>Ejercitar tu cuerpo como: caminar, correr, montar bicicleta, y muchos otros ejercicios, para mantenerte saludable.<\/p><\/div>\n\t\t\t\t\t\t\t\t\t\t\t\t\t\t\t\t\t<\/div>\n\t\t\t\t<\/div>\n\t\t\t\n\t\t\t\t<div class=\"grid-3\">\n\t\t\t\t\t<div class=\"kc-list-item-4\">\n\t\t\t\t\t\t<div class=\"kc-post-header\">\n\t\t\t\t\t\t\t\t\t\t\t\t\t\t\t<a href=\"https:\/\/volcanbaru.com\/superagua\/lavarte-las-manos\/\">\n\t\t\t\t\t\t\t\t\t<img src=\"https:\/\/volcanbaru.com\/superagua\/wp-content\/uploads\/2016\/11\/lavarse-lasmanos.png\" alt=\"Lavarte las manos\">\n\t\t\t\t\t\t\t\t<\/a>\n\t\t\t\t\t\t\t\t\t\t\t\t\t\t<div class=\"meta-title\">\n\t\t\t\t\t\t\t\t\t\t\t\t\t\t\t\t\t<div class=\"post-meta\">\n\t\t\t\t\t\t\t\t\t\t\t\t\t\t\t\t\t\t\t\t\t\t\t\t\t\t\t\t\t\t\t\t\t<a href=\"https:\/\/volcanbaru.com\/superagua\/category\/consejos\/\" rel=\"category tag\">Consejos<\/a>, <a href=\"https:\/\/volcanbaru.com\/superagua\/category\/productos-y-servicios\/\" rel=\"category tag\">Productos y Servicios<\/a>\t\t\t\t\t\t\t\t\t\t\t\t\t\t\t\t\t\t\t\t\t\t\t\t\t\t\t\t\t\t\t\t\t\t\t\t\t\t\t\t\t\t<a href=\"https:\/\/volcanbaru.com\/superagua\/2016\/11\/\"\n\t\t\t\t\t\t\t\t\t\t   class=\"date-link\">16.noviembre.2016<\/a>\n\t\t\t\t\t\t\t\t\t\t\t\t\t\t\t\t\t\t\t<\/div>\n\t\t\t\t\t\t\t\t\t\t\t\t\t\t\t\t\n\t\t\t\t\t\t\t\t<h2 class=\"post-title-alt\">\n\t\t\t\t\t\t\t\t\t<a href=\"https:\/\/volcanbaru.com\/superagua\/lavarte-las-manos\/\" class=\"post-title-link\"\n\t\t\t\t\t\t\t\t\t   title=\"Lavarte las manos\">Lavarte las manos<\/a>\n\t\t\t\t\t\t\t\t<\/h2>\n\t\t\t\t\t\t\t<\/div>\n\t\t\t\t\t\t<\/div>\n\t\t\t\t\t\t\n\t\t\t\t\t\t\t\t\t\t\t\t<div class=\"post-content\"><p>Con agua y jab\u00f3n previene la propagaci\u00f3n de g\u00e9rmenes. El simple hecho de lavarse las&hellip;<\/p><\/div>\n\t\t\t\t\t\t\t\t\t\t\t\t\t\t\t\t\t<\/div>\n\t\t\t\t<\/div>\n\t\t\n\t\n<\/div>\n<div class=\"kc-elm kc-css-269251\" style=\"height: 45px; clear: both; width:100%;\"><\/div><\/div><\/div><\/div><\/div><\/section>\n","protected":false},"excerpt":{"rendered":"","protected":false},"author":1,"featured_media":0,"parent":0,"menu_order":0,"comment_status":"closed","ping_status":"open","template":"","meta":[],"_links":{"self":[{"href":"https:\/\/volcanbaru.com\/superagua\/wp-json\/wp\/v2\/pages\/2"}],"collection":[{"href":"https:\/\/volcanbaru.com\/superagua\/wp-json\/wp\/v2\/pages"}],"about":[{"href":"https:\/\/volcanbaru.com\/superagua\/wp-json\/wp\/v2\/types\/page"}],"author":[{"embeddable":true,"href":"https:\/\/volcanbaru.com\/superagua\/wp-json\/wp\/v2\/users\/1"}],"replies":[{"embeddable":true,"href":"https:\/\/volcanbaru.com\/superagua\/wp-json\/wp\/v2\/comments?post=2"}],"version-history":[{"count":585,"href":"https:\/\/volcanbaru.com\/superagua\/wp-json\/wp\/v2\/pages\/2\/revisions"}],"predecessor-version":[{"id":819,"href":"https:\/\/volcanbaru.com\/superagua\/wp-json\/wp\/v2\/pages\/2\/revisions\/819"}],"wp:attachment":[{"href":"https:\/\/volcanbaru.com\/superagua\/wp-json\/wp\/v2\/media?parent=2"}],"curies":[{"name":"wp","href":"https:\/\/api.w.org\/{rel}","templated":true}]}}